{"id":1144,"date":"2025-10-13T17:25:46","date_gmt":"2025-10-13T15:25:46","guid":{"rendered":"https:\/\/latino-docs.org\/?page_id=1144"},"modified":"2025-10-13T17:25:46","modified_gmt":"2025-10-13T15:25:46","slug":"la-dix-septieme-edition","status":"publish","type":"page","link":"https:\/\/latino-docs.org\/index.php\/la-dix-septieme-edition\/","title":{"rendered":"La dix-septi\u00e8me \u00e9dition"},"content":{"rendered":"\n<h1 class=\"has-text-align-center\"><strong><mark style=\"background-color:rgba(0, 0, 0, 0)\" class=\"has-inline-color has-vivid-red-color\">En bas et \u00e0 gauche<\/mark><\/strong><\/h1>\n\n\n\n<p><\/p>\n\n\n\n<h2 class=\"has-text-align-center\"><strong>du 19 au 23 novembre 2025 \u00e0 Toulouse<\/strong><\/h2>\n\n\n\n<p><\/p>\n\n\n\n<p>C\u2019est avec une grande joie que nous invitons toutes et tous \u00e0 la 17\u1d49 \u00e9dition de Latino Docs\u202f! Du 19 au 23 novembre 2025 se tiendra \u00e0 Toulouse le festival de films documentaires autog\u00e9r\u00e9 et militant, consacr\u00e9 \u00e0 l\u2019actualit\u00e9 sociale et politique de l\u2019Am\u00e9rique latine et des Cara\u00efbes (Abya Yala). Encore et toujours, nous cherchons \u00e0 donner de la visibilit\u00e9 aux luttes f\u00e9ministes, LGBTQIA+, des migrant.e.s, des peuples originaires, d\u00e9coloniales, anti-capitalistes, et environnementales de cette r\u00e9gion et le lien avec les luttes des autres r\u00e9gions du monde.<\/p>\n\n\n\n<p><\/p>\n\n\n\n<p>Dans un contexte de gouvernements autoritaires, de d\u00e9mocraties fragiles et de mont\u00e9e de l\u2019extr\u00eame droite au pouvoir, nous croyons que d\u2019autres formes d\u2019organisation sont possibles pour continuer \u00e0 r\u00e9sister. <strong>En bas et \u00e0 gauche<\/strong>, les possibilit\u00e9s de lutte pour se r\u00e9organiser et r\u00e9\u00e9crire la politique sont nombreuses, inspirantes et sources d\u2019espoir.<\/p>\n\n\n\n<p><\/p>\n\n\n\n<p>Parce que Latino-Docs est totalement autog\u00e9r\u00e9, ne b\u00e9n\u00e9ficie d\u2019aucune subvention, une cagnotte a \u00e9t\u00e9 lanc\u00e9e pour assurer le versement des droits de diffusion des documentaires s\u00e9lectionn\u00e9s et d\u00e9dommager les intervenant.e.s et les artistes qui contribueront \u00e0 ces moments de partage. Si vous souhaitez soutenir le projet, rendez-vous <a href=\"https:\/\/www.leetchi.com\/fr\/c\/soutenez-le-festival-latino-docs-2025-1652794\">ici.<\/a> <\/p>\n","protected":false},"excerpt":{"rendered":"<p>En bas et \u00e0 gauche du 19 au 23 novembre 2025 \u00e0 Toulouse C\u2019est avec une grande joie que nous invitons toutes et tous \u00e0 la 17\u1d49 \u00e9dition de Latino Docs\u202f! Du 19 au 23 novembre 2025 se tiendra \u00e0 Toulouse le festival de films documentaires autog\u00e9r\u00e9 et militant, consacr\u00e9 \u00e0 l\u2019actualit\u00e9 sociale et politique de l\u2019Am\u00e9rique latine et des<\/p>\n<p><a class=\"more-link\" href=\"https:\/\/latino-docs.org\/index.php\/la-dix-septieme-edition\/\">Read More<\/a><\/p>\n","protected":false},"author":1,"featured_media":0,"parent":0,"menu_order":0,"comment_status":"closed","ping_status":"closed","template":"","meta":[],"_links":{"self":[{"href":"https:\/\/latino-docs.org\/index.php\/wp-json\/wp\/v2\/pages\/1144"}],"collection":[{"href":"https:\/\/latino-docs.org\/index.php\/wp-json\/wp\/v2\/pages"}],"about":[{"href":"https:\/\/latino-docs.org\/index.php\/wp-json\/wp\/v2\/types\/page"}],"author":[{"embeddable":true,"href":"https:\/\/latino-docs.org\/index.php\/wp-json\/wp\/v2\/users\/1"}],"replies":[{"embeddable":true,"href":"https:\/\/latino-docs.org\/index.php\/wp-json\/wp\/v2\/comments?post=1144"}],"version-history":[{"count":1,"href":"https:\/\/latino-docs.org\/index.php\/wp-json\/wp\/v2\/pages\/1144\/revisions"}],"predecessor-version":[{"id":1145,"href":"https:\/\/latino-docs.org\/index.php\/wp-json\/wp\/v2\/pages\/1144\/revisions\/1145"}],"wp:attachment":[{"href":"https:\/\/latino-docs.org\/index.php\/wp-json\/wp\/v2\/media?parent=1144"}],"curies":[{"name":"wp","href":"https:\/\/api.w.org\/{rel}","templated":true}]}}