{"id":68,"date":"2018-10-28T01:09:41","date_gmt":"2018-10-27T23:09:41","guid":{"rendered":"http:\/\/latino-docs.org\/?page_id=68"},"modified":"2024-11-04T20:48:46","modified_gmt":"2024-11-04T19:48:46","slug":"qui-sommes-nous","status":"publish","type":"page","link":"https:\/\/latino-docs.org\/index.php\/qui-sommes-nous\/","title":{"rendered":"Qui sommes nous ?"},"content":{"rendered":"\n<p>France Am\u00e9rique Latine<\/p>\n\n\n\n<figure class=\"wp-block-image size-full\"><img loading=\"lazy\" width=\"272\" height=\"270\" src=\"http:\/\/latino-docs.org\/wp-content\/uploads\/2018\/10\/logo-FAL_taille-r\u00e9duite.jpg\" alt=\"\" class=\"wp-image-28\" srcset=\"https:\/\/latino-docs.org\/wp-content\/uploads\/2018\/10\/logo-FAL_taille-r\u00e9duite.jpg 272w, https:\/\/latino-docs.org\/wp-content\/uploads\/2018\/10\/logo-FAL_taille-r\u00e9duite-150x150.jpg 150w\" sizes=\"(max-width: 272px) 100vw, 272px\" \/><\/figure>\n\n\n\n<h5><span style=\"color: #000000;\"><span style=\"font-family: Arial, sans-serif;\"><span style=\"font-size: medium;\"><b>France Am\u00e9rique Latine est&nbsp;une association (loi 1901) de solidarit\u00e9 internationale entre les peuples, d\u2019amiti\u00e9 et de d\u00e9couverte.<\/b><\/span><\/span><\/span><\/h5>\n\n\n\n<p><span style=\"color: #000000;\"><span style=\"font-family: Arial, sans-serif;\"><span style=\"font-size: medium;\">Elle s\u2019attache \u00e0 faire conna\u00eetre l\u2019histoire, la culture, les mobilisations et les revendications des peuples d\u2019Am\u00e9rique latine et des Cara\u00efbe dans toutes leurs richesses et diversit\u00e9.<\/span><\/span><\/span><\/p>\n\n\n\n<p><span style=\"color: #000000;\"><span style=\"font-family: Arial, sans-serif;\"><span style=\"font-size: medium;\">Son programme s\u2019articule autour de conf\u00e9rences-d\u00e9bats, colloques, rencontres avec des militants latino-am\u00e9ricains, expositions th\u00e9matiques, projections de films.<\/span><\/span><\/span><\/p>\n\n\n\n<p><span style=\"color: #000000;\">&nbsp;<\/span><\/p>\n\n\n\n<p><strong><span style=\"color: #000000;\"><span style=\"font-family: Arial, sans-serif;\"><span style=\"font-size: medium;\"><b>Une association ouverte \u00e0 tous<\/b><\/span><\/span><\/span><\/strong><\/p>\n\n\n\n<p><span style=\"color: #000000;\"><span style=\"font-family: Arial, sans-serif;\"><span style=\"font-size: medium;\">Cr\u00e9\u00e9e en 1970. France-Am\u00e9rique Latine (F.A.L.) est une association constitu\u00e9e par des adh\u00e9rents individuels qui ont la possibilit\u00e9 de se regrouper dans des comit\u00e9s locaux. Chaque ann\u00e9e l\u2019Assembl\u00e9e g\u00e9n\u00e9rale des adh\u00e9rents d\u00e9finit les orientations et \u00e9lit les membres de la direction. Chaque comit\u00e9 local, reconnu par la direction nationale, d\u00e9veloppe une activit\u00e9 qui lui est propre en accord avec les statuts de l\u2019Association.<\/span><\/span><\/span><\/p>\n\n\n\n<p><span style=\"color: #000000;\">&nbsp;<\/span><\/p>\n\n\n\n<p><strong><span style=\"color: #000000;\"><span style=\"font-family: Arial, sans-serif;\"><span style=\"font-size: medium;\"><b>L\u2019Am\u00e9rique Latine<\/b><\/span><\/span><\/span><\/strong><\/p>\n\n\n\n<p><span style=\"color: #000000;\"><span style=\"font-family: Arial, sans-serif;\"><span style=\"font-size: medium;\">Le continent latino-am\u00e9ricain est en pleine mutation. Avec plus de 400 millions d\u2019habitants, il se compose de civilisations tr\u00e8s anciennes, d\u2019un pass\u00e9 prestigieux, des cultures riches et diversifi\u00e9es. Son histoire est travers\u00e9e par la douloureuse conqu\u00eate europ\u00e9enne au XV\u00e8me si\u00e8cle et par les luttes h\u00e9ro\u00efques de ses peuples pour leur libert\u00e9 et leur ind\u00e9pendance. Ces luttes continuent aujourd\u2019hui face \u00e0 de nouveaux imp\u00e9rialismes et de nombreux d\u00e9fis sociaux, politiques et environnementaux.<\/span><\/span><\/span><\/p>\n\n\n\n<p><span style=\"color: #000000;\">&nbsp;<\/span><\/p>\n\n\n\n<p><strong><span style=\"color: #000000;\"><span style=\"font-family: Arial, sans-serif;\"><span style=\"font-size: medium;\"><b>Droits de l\u2019Homme \u2013 Droits des peuples<\/b><\/span><\/span><\/span><\/strong><\/p>\n\n\n\n<p><span style=\"color: #000000;\"><span style=\"font-family: Arial, sans-serif;\"><span style=\"font-size: medium;\">Depuis sa cr\u00e9ation en 1970, France Am\u00e9rique Latine s\u2019attache \u00e0 d\u00e9noncer toutes les atteintes port\u00e9es aux droits de l\u2019Homme, partout et chaque fois qu\u2019ils sont bafou\u00e9s en Am\u00e9rique Latine : droit \u00e0 la souverainet\u00e9 de chaque Etat et droit des peuples \u00e0 disposer d\u2019eux-m\u00eames ; condamnation de toutes les pressions ext\u00e9rieures et notamment la dette et les contraintes \u00e9conomiques auxquelles elle soumet les peuples latino-am\u00e9ricains ; d\u00e9fense des minorit\u00e9s indig\u00e8nes et de leur culture, des droits de la femme et de l\u2019enfant\u2026<\/span><\/span><\/span><\/p>\n\n\n\n<p><span style=\"color: #000000;\"><span style=\"font-family: Arial, sans-serif;\"><span style=\"font-size: medium;\">Plus d\u2019infos sur FRANCE AMERIQUE LATINE :&nbsp;<\/span><\/span><\/span><a href=\"http:\/\/ww.fanceameriquelatine.org\/\" target=\"_blank\" rel=\"noopener\"><span style=\"color: #000000;\"><span style=\"font-family: Arial, sans-serif;\"><span style=\"font-size: medium;\"><u>www.franceameriquelatine.org<\/u><\/span><\/span><\/span><\/a><\/p>\n\n\n\n<p><span style=\"color: #000000;\">&nbsp;<\/span><\/p>\n\n\n\n<p><strong><span style=\"color: #000000;\"><span style=\"font-family: Arial, sans-serif;\"><span style=\"font-size: medium;\"><b>France Am\u00e9rique Latine Toulouse<\/b><\/span><\/span><\/span><\/strong><\/p>\n\n\n\n<p><span style=\"color: #000000;\"><span style=\"font-family: Arial, sans-serif;\"><span style=\"font-size: medium;\">Le Comit\u00e9 r\u00e9gional de France Am\u00e9rique Latine \u00e0 Toulouse organise r\u00e9guli\u00e8rement des projections-d\u00e9bats, des concerts, des expositions et participe \u00e0 de nombreux \u00e9v\u00e9nements de solidarit\u00e9 entre les peuples sur Toulouse et sa r\u00e9gion.<\/span><\/span><\/span><\/p>\n\n\n\n<p><span style=\"color: #000000;\"><span style=\"font-family: Arial, sans-serif;\"><span style=\"font-size: medium;\">En 2009, il s\u2019associe au comit\u00e9 toulousain de France Cuba pour cr\u00e9er les LATINO DOCS, un festival de films documentaires sur l\u2019Am\u00e9rique latine et les Cara\u00efbes.<\/span><\/span><\/span><\/p>\n\n\n\n<p><\/p>\n","protected":false},"excerpt":{"rendered":"<p>France Am\u00e9rique Latine France Am\u00e9rique Latine est&nbsp;une association (loi 1901) de solidarit\u00e9 internationale entre les peuples, d\u2019amiti\u00e9 et de d\u00e9couverte. Elle s\u2019attache \u00e0 faire conna\u00eetre l\u2019histoire, la culture, les mobilisations et les revendications des peuples d\u2019Am\u00e9rique latine et des Cara\u00efbe dans toutes leurs richesses et diversit\u00e9. Son programme s\u2019articule autour de conf\u00e9rences-d\u00e9bats, colloques, rencontres avec des militants latino-am\u00e9ricains, expositions th\u00e9matiques,<\/p>\n<p><a class=\"more-link\" href=\"https:\/\/latino-docs.org\/index.php\/qui-sommes-nous\/\">Read More<\/a><\/p>\n","protected":false},"author":1,"featured_media":0,"parent":0,"menu_order":0,"comment_status":"closed","ping_status":"closed","template":"","meta":[],"_links":{"self":[{"href":"https:\/\/latino-docs.org\/index.php\/wp-json\/wp\/v2\/pages\/68"}],"collection":[{"href":"https:\/\/latino-docs.org\/index.php\/wp-json\/wp\/v2\/pages"}],"about":[{"href":"https:\/\/latino-docs.org\/index.php\/wp-json\/wp\/v2\/types\/page"}],"author":[{"embeddable":true,"href":"https:\/\/latino-docs.org\/index.php\/wp-json\/wp\/v2\/users\/1"}],"replies":[{"embeddable":true,"href":"https:\/\/latino-docs.org\/index.php\/wp-json\/wp\/v2\/comments?post=68"}],"version-history":[{"count":3,"href":"https:\/\/latino-docs.org\/index.php\/wp-json\/wp\/v2\/pages\/68\/revisions"}],"predecessor-version":[{"id":1022,"href":"https:\/\/latino-docs.org\/index.php\/wp-json\/wp\/v2\/pages\/68\/revisions\/1022"}],"wp:attachment":[{"href":"https:\/\/latino-docs.org\/index.php\/wp-json\/wp\/v2\/media?parent=68"}],"curies":[{"name":"wp","href":"https:\/\/api.w.org\/{rel}","templated":true}]}}