{"id":80,"date":"2018-10-28T01:20:16","date_gmt":"2018-10-27T23:20:16","guid":{"rendered":"http:\/\/latino-docs.org\/?page_id=80"},"modified":"2020-10-21T11:38:53","modified_gmt":"2020-10-21T09:38:53","slug":"editions-precedentes","status":"publish","type":"page","link":"https:\/\/latino-docs.org\/index.php\/editions-precedentes\/","title":{"rendered":"\u00c9ditions pr\u00e9c\u00e9dentes"},"content":{"rendered":"<p>Ici vous trouverez la programmation et toutes les informations relatives aux pr\u00e9c\u00e9dentes \u00e9ditions :<\/p>\n<h2 style=\"text-align: center;\"><strong>2019 &#8211; <span style=\"color: #993300;\">R\u00e9sistance, luttes, alternatives<\/span><\/strong><\/h2>\n<p><img loading=\"lazy\" class=\"alignnone size-large wp-image-443\" src=\"http:\/\/latino-docs.org\/wp-content\/uploads\/2019\/11\/Programme-final-\u00e0-imprimer-723x1024.png\" alt=\"\" width=\"723\" height=\"1024\" srcset=\"https:\/\/latino-docs.org\/wp-content\/uploads\/2019\/11\/Programme-final-\u00e0-imprimer-723x1024.png 723w, https:\/\/latino-docs.org\/wp-content\/uploads\/2019\/11\/Programme-final-\u00e0-imprimer-212x300.png 212w, https:\/\/latino-docs.org\/wp-content\/uploads\/2019\/11\/Programme-final-\u00e0-imprimer-768x1087.png 768w, https:\/\/latino-docs.org\/wp-content\/uploads\/2019\/11\/Programme-final-\u00e0-imprimer-800x1133.png 800w, https:\/\/latino-docs.org\/wp-content\/uploads\/2019\/11\/Programme-final-\u00e0-imprimer.png 1239w\" sizes=\"(max-width: 723px) 100vw, 723px\" \/><\/p>\n<p><span><span style=\"color: #000000;\">La 11e \u00e9dition, \u00e0 travers la th\u00e9matique <\/span><b><span style=\"color: #e69138;\">\u00ab\u00a0R\u00e9sistances, luttes, alternatives\u00a0\u00bb<\/span><\/b><span style=\"color: #000000;\">\u00a0<\/span><\/span><span style=\"color: #1d2129;\"><span>analyse\u00a0<\/span><\/span><span style=\"color: #1d2129;\"><span>\u00e0 travers diff\u00e9rents documentaires comment les alternatives se construisent apr\u00e8s la lutte et la r\u00e9sistance des peuples. Le but est de v\u00e9hiculer un message d&rsquo;espoir tout en mettant en lumi\u00e8re l&rsquo;actualit\u00e9 politique de la r\u00e9gion et en permettant de cr\u00e9er du lien entre des luttes souvent communes et d&rsquo;identifier de nouvelles alternatives.<\/span><\/span><\/p>\n<p><img loading=\"lazy\" class=\"alignnone size-large wp-image-439\" src=\"http:\/\/latino-docs.org\/wp-content\/uploads\/2019\/11\/progra-1024x506.png\" alt=\"\" width=\"1024\" height=\"506\" srcset=\"https:\/\/latino-docs.org\/wp-content\/uploads\/2019\/11\/progra-1024x506.png 1024w, https:\/\/latino-docs.org\/wp-content\/uploads\/2019\/11\/progra-300x148.png 300w, https:\/\/latino-docs.org\/wp-content\/uploads\/2019\/11\/progra-768x380.png 768w, https:\/\/latino-docs.org\/wp-content\/uploads\/2019\/11\/progra-800x395.png 800w, https:\/\/latino-docs.org\/wp-content\/uploads\/2019\/11\/progra.png 1805w\" sizes=\"(max-width: 1024px) 100vw, 1024px\" \/><\/p>\n<h2 style=\"text-align: center;\"><strong>2018 &#8211;\u00a0<span style=\"color: #800000;\">La Dixi\u00e8me<\/span><\/strong><\/h2>\n<h6><img loading=\"lazy\" class=\"aligncenter wp-image-213 size-large\" src=\"http:\/\/latino-docs.org\/wp-content\/uploads\/2018\/11\/LD2018-finale-738x1024.png\" alt=\"\" width=\"738\" height=\"1024\" srcset=\"https:\/\/latino-docs.org\/wp-content\/uploads\/2018\/11\/LD2018-finale-738x1024.png 738w, https:\/\/latino-docs.org\/wp-content\/uploads\/2018\/11\/LD2018-finale-216x300.png 216w, https:\/\/latino-docs.org\/wp-content\/uploads\/2018\/11\/LD2018-finale-768x1065.png 768w, https:\/\/latino-docs.org\/wp-content\/uploads\/2018\/11\/LD2018-finale-800x1110.png 800w\" sizes=\"(max-width: 738px) 100vw, 738px\" \/><\/h6>\n<h6 align=\"justify\"><i><b>Latino-Docs est un festival de films documentaires sur l\u2019Am\u00e9rique latine et les Cara\u00efbes, organis\u00e9 par les comit\u00e9s toulousains de France Am\u00e9rique Latine et France Cuba. Il se tiendra \u00e0 Toulouse du 13 au 19 novembre 2018. Cette ann\u00e9e, Latino-Docs f\u00eate sa \u00ab\u00a0diXi\u00e8me\u00a0\u00bb \u00e9dition\u00a0! Le public pourra voir ou re-voir une s\u00e9lection de documentaires diffus\u00e9s lors des \u00e9ditions pr\u00e9c\u00e9dentes, avec quelques in\u00e9dits. Cette programmation s\u2019inscrit \u00e9galement dans le cadre du\u00a0<\/b><\/i><a href=\"http:\/\/www.moisdudoc.com\/\" data-slimstat=\"5\"><u>Mois du Film Documentaire<\/u><\/a>.<\/h6>\n<h6 align=\"justify\">Depuis 2009, \u00e0 travers une s\u00e9rie de films documentaires actuels, engag\u00e9s et souvent in\u00e9dits en France, le festival Latino-Docs s\u2019attache \u00e0 donner une voix et une visibilit\u00e9 aux diff\u00e9rentes luttes politiques, \u00e9conomiques, sociales, indig\u00e8nes, f\u00e9ministes et environnementales des pays d\u2019Am\u00e9rique latine et des Cara\u00efbes.<\/h6>\n<h6 align=\"justify\">Au fil des \u00e9ditions, le festival s\u2019est fait une place dans l\u2019agenda du mois de novembre des toulousain.e.s et a r\u00e9ussi \u00e0 sensibiliser toujours plus de citoyen.ne.s \u00e0 des th\u00e9matiques parfois peu connues en France mais dont les enjeux sont souvent communs aux deux continents. Pour r\u00e9pondre \u00e0 l\u2019int\u00e9r\u00eat du public, le festival a \u00e9volu\u00e9 en proposant une programmation plus longue, plus vari\u00e9e et enrichie d\u2019une programmation artistique.<\/h6>\n<h6 align=\"justify\">Pour sa \u201cdiXi\u00e8me\u201d \u00e9dition, Latino-Docs revient sur les croisements de luttes au cours de ces dix derni\u00e8res ann\u00e9es. Pour comprendre l\u2019actualit\u00e9 politique tendue dans plusieurs pays de la r\u00e9gion, le festival propose d\u2019analyser et de d\u00e9battre sur l\u2019\u00e9volution des enjeux \u00e9conomiques, sociaux, environnementaux et culturels au cours de la d\u00e9cennie pass\u00e9e. Les films documentaires propos\u00e9s traiteront, entre autres, de l\u2019extractivisme, du droit des peuples, de l\u2019\u00e9mancipation du mod\u00e8le lib\u00e9ral, du travail de m\u00e9moire, de r\u00e9volutions, de f\u00e9minisme, etc. Chaque projection sera suivie d\u2019une discussion-d\u00e9bat avec le(s) r\u00e9alisateur.trice(s) ou des sp\u00e9cialistes de la th\u00e9matique abord\u00e9e, permettant de cr\u00e9er du lien entre des luttes souvent communes et d\u2019identifier de nouvelles alternatives.<\/h6>\n<h6 align=\"justify\">En marge des projections-d\u00e9bats, des ateliers, expositions, stands d\u2019information, performances artistiques, concerts et repas traditionnels repr\u00e9senteront aussi des moments forts et d\u2019\u00e9changes avec des acteurs locaux et latino-am\u00e9ricains engag\u00e9s et qui partagent les valeurs port\u00e9es par Latino-Docs.<\/h6>\n<h6 align=\"justify\">Les projections sont programm\u00e9es dans diff\u00e9rents lieux toulousains\u00a0: Espaces des Diversit\u00e9s et de la La\u00efcit\u00e9, Cin\u00e9ma le Crat\u00e8re, Cin\u00e9ma American Cosmograph, Cin\u00e9ma ABC, restaurant le Rinc\u00f3n Chileno, la Bourse du Travail. L\u2019acc\u00e8s aux projections est libre, sauf pour les cin\u00e9mas o\u00f9 les tarifs en vigueur seront appliqu\u00e9s.<\/h6>\n<p><img loading=\"lazy\" class=\"wp-image-250 size-large aligncenter\" style=\"font-size: 1rem;\" src=\"http:\/\/latino-docs.org\/wp-content\/uploads\/2018\/11\/Sans-titreLDP1-1024x767.png\" alt=\"\" width=\"1024\" height=\"767\" srcset=\"https:\/\/latino-docs.org\/wp-content\/uploads\/2018\/11\/Sans-titreLDP1-1024x767.png 1024w, https:\/\/latino-docs.org\/wp-content\/uploads\/2018\/11\/Sans-titreLDP1-300x225.png 300w, https:\/\/latino-docs.org\/wp-content\/uploads\/2018\/11\/Sans-titreLDP1-768x576.png 768w, https:\/\/latino-docs.org\/wp-content\/uploads\/2018\/11\/Sans-titreLDP1-800x600.png 800w, https:\/\/latino-docs.org\/wp-content\/uploads\/2018\/11\/Sans-titreLDP1-400x300.png 400w\" sizes=\"(max-width: 1024px) 100vw, 1024px\" \/><img loading=\"lazy\" class=\"wp-image-246 size-large aligncenter\" style=\"font-size: 1rem;\" src=\"http:\/\/latino-docs.org\/wp-content\/uploads\/2018\/11\/Sans-titreLDP2-1024x767.png\" alt=\"\" width=\"1024\" height=\"767\" srcset=\"https:\/\/latino-docs.org\/wp-content\/uploads\/2018\/11\/Sans-titreLDP2-1024x767.png 1024w, https:\/\/latino-docs.org\/wp-content\/uploads\/2018\/11\/Sans-titreLDP2-300x225.png 300w, https:\/\/latino-docs.org\/wp-content\/uploads\/2018\/11\/Sans-titreLDP2-768x576.png 768w, https:\/\/latino-docs.org\/wp-content\/uploads\/2018\/11\/Sans-titreLDP2-800x600.png 800w, https:\/\/latino-docs.org\/wp-content\/uploads\/2018\/11\/Sans-titreLDP2-400x300.png 400w\" sizes=\"(max-width: 1024px) 100vw, 1024px\" \/><span style=\"font-size: 1rem;\">\u00a0<\/span><\/p>\n","protected":false},"excerpt":{"rendered":"<p>Ici vous trouverez la programmation et toutes les informations relatives aux pr\u00e9c\u00e9dentes \u00e9ditions : 2019 &#8211; R\u00e9sistance, luttes, alternatives La 11e \u00e9dition, \u00e0 travers la th\u00e9matique \u00ab\u00a0R\u00e9sistances, luttes, alternatives\u00a0\u00bb\u00a0analyse\u00a0\u00e0 travers diff\u00e9rents documentaires comment les alternatives se construisent apr\u00e8s la lutte et la r\u00e9sistance des peuples. Le but est de v\u00e9hiculer un message d&rsquo;espoir tout en mettant en lumi\u00e8re l&rsquo;actualit\u00e9 politique<\/p>\n<p><a class=\"more-link\" href=\"https:\/\/latino-docs.org\/index.php\/editions-precedentes\/\">Read More<\/a><\/p>\n","protected":false},"author":1,"featured_media":0,"parent":0,"menu_order":0,"comment_status":"closed","ping_status":"closed","template":"","meta":[],"_links":{"self":[{"href":"https:\/\/latino-docs.org\/index.php\/wp-json\/wp\/v2\/pages\/80"}],"collection":[{"href":"https:\/\/latino-docs.org\/index.php\/wp-json\/wp\/v2\/pages"}],"about":[{"href":"https:\/\/latino-docs.org\/index.php\/wp-json\/wp\/v2\/types\/page"}],"author":[{"embeddable":true,"href":"https:\/\/latino-docs.org\/index.php\/wp-json\/wp\/v2\/users\/1"}],"replies":[{"embeddable":true,"href":"https:\/\/latino-docs.org\/index.php\/wp-json\/wp\/v2\/comments?post=80"}],"version-history":[{"count":4,"href":"https:\/\/latino-docs.org\/index.php\/wp-json\/wp\/v2\/pages\/80\/revisions"}],"predecessor-version":[{"id":528,"href":"https:\/\/latino-docs.org\/index.php\/wp-json\/wp\/v2\/pages\/80\/revisions\/528"}],"wp:attachment":[{"href":"https:\/\/latino-docs.org\/index.php\/wp-json\/wp\/v2\/media?parent=80"}],"curies":[{"name":"wp","href":"https:\/\/api.w.org\/{rel}","templated":true}]}}